{"id":185,"date":"2025-05-09T14:28:16","date_gmt":"2025-05-09T13:28:16","guid":{"rendered":"https:\/\/smart-ecoenergy.com\/?page_id=185"},"modified":"2025-06-05T12:06:42","modified_gmt":"2025-06-05T11:06:42","slug":"realisations","status":"publish","type":"page","link":"https:\/\/smart-ecoenergy.com\/index.php\/realisations\/","title":{"rendered":"R\u00e9alisations"},"content":{"rendered":"\t\t<div data-elementor-type=\"wp-page\" data-elementor-id=\"185\" class=\"elementor elementor-185\" data-elementor-post-type=\"page\">\n\t\t\t\t<div class=\"elementor-element elementor-element-f7ba9c1 e-flex e-con-boxed e-con e-parent\" data-id=\"f7ba9c1\" data-element_type=\"container\" data-settings=\"{&quot;background_background&quot;:&quot;classic&quot;}\">\n\t\t\t\t\t<div class=\"e-con-inner\">\n\t\t\t\t<div class=\"elementor-element elementor-element-d9b4463 elementor-widget elementor-widget-heading\" data-id=\"d9b4463\" data-element_type=\"widget\" data-widget_type=\"heading.default\">\n\t\t\t\t<div class=\"elementor-widget-container\">\n\t\t\t\t\t<h2 class=\"elementor-heading-title elementor-size-default\">Nos R\u00e9alisations<\/h2>\t\t\t\t<\/div>\n\t\t\t\t<\/div>\n\t\t\t\t<div class=\"elementor-element elementor-element-9437420 elementor-widget elementor-widget-text-editor\" data-id=\"9437420\" data-element_type=\"widget\" data-widget_type=\"text-editor.default\">\n\t\t\t\t<div class=\"elementor-widget-container\">\n\t\t\t\t\t\t\t\t\t<p>D\u00e9couvrez nos projets r\u00e9alis\u00e9s en domotique, courant fort, courant faible et BIM.<\/p>\t\t\t\t\t\t\t\t<\/div>\n\t\t\t\t<\/div>\n\t\t\t\t\t<\/div>\n\t\t\t\t<\/div>\n\t\t<div class=\"elementor-element elementor-element-8a7e42d elementor-hidden-desktop elementor-hidden-tablet elementor-hidden-mobile e-flex e-con-boxed e-con e-parent\" data-id=\"8a7e42d\" data-element_type=\"container\">\n\t\t\t\t\t<div class=\"e-con-inner\">\n\t\t<div class=\"elementor-element elementor-element-386ae74 e-con-full e-flex e-con e-child\" data-id=\"386ae74\" data-element_type=\"container\">\n\t\t\t\t<div class=\"elementor-element elementor-element-1e0d57b elementor-widget elementor-widget-image\" data-id=\"1e0d57b\" data-element_type=\"widget\" data-widget_type=\"image.default\">\n\t\t\t\t<div class=\"elementor-widget-container\">\n\t\t\t\t\t\t\t\t\t\t\t\t\t\t\t<img fetchpriority=\"high\" decoding=\"async\" width=\"580\" height=\"435\" src=\"https:\/\/smart-ecoenergy.com\/wp-content\/uploads\/2025\/05\/Sofitel-Tamda-Bay.jpg\" class=\"attachment-large size-large wp-image-805\" alt=\"\" srcset=\"https:\/\/smart-ecoenergy.com\/wp-content\/uploads\/2025\/05\/Sofitel-Tamda-Bay.jpg 1024w, https:\/\/smart-ecoenergy.com\/wp-content\/uploads\/2025\/05\/Sofitel-Tamda-Bay-300x225.jpg 300w, https:\/\/smart-ecoenergy.com\/wp-content\/uploads\/2025\/05\/Sofitel-Tamda-Bay-768x576.jpg 768w\" sizes=\"(max-width: 580px) 100vw, 580px\" \/>\t\t\t\t\t\t\t\t\t\t\t\t\t\t\t<\/div>\n\t\t\t\t<\/div>\n\t\t\t\t<div class=\"elementor-element elementor-element-31108eb elementor-widget elementor-widget-heading\" data-id=\"31108eb\" data-element_type=\"widget\" data-widget_type=\"heading.default\">\n\t\t\t\t<div class=\"elementor-widget-container\">\n\t\t\t\t\t<h2 class=\"elementor-heading-title elementor-size-default\">Sofitel Tamuda Bay<\/h2>\t\t\t\t<\/div>\n\t\t\t\t<\/div>\n\t\t\t\t<div class=\"elementor-element elementor-element-f85e90e elementor-widget elementor-widget-text-editor\" data-id=\"f85e90e\" data-element_type=\"widget\" data-widget_type=\"text-editor.default\">\n\t\t\t\t<div class=\"elementor-widget-container\">\n\t\t\t\t\t\t\t\t\t<p>Situ\u00e9 au bord de la M\u00e9diterran\u00e9e, le <strong data-start=\"664\" data-end=\"698\">Sofitel Tamuda Bay Beach &amp; Spa<\/strong> incarne l\u2019\u00e9l\u00e9gance \u00e0 la fran\u00e7aise dans un cadre marocain contemporain.<\/p>\t\t\t\t\t\t\t\t<\/div>\n\t\t\t\t<\/div>\n\t\t\t\t<div class=\"elementor-element elementor-element-6e98ee4 elementor-widget elementor-widget-text-editor\" data-id=\"6e98ee4\" data-element_type=\"widget\" data-widget_type=\"text-editor.default\">\n\t\t\t\t<div class=\"elementor-widget-container\">\n\t\t\t\t\t\t\t\t\t<p><strong>Client<\/strong> : Accor \u2013 Sofitel Luxury Hotels<\/p><p><strong>Lieu<\/strong> : Tamuda Bay, M\u2019diq \u2013 Maroc<\/p><p><strong>Surface<\/strong> : ~18 000 m\u00b2<\/p><p><strong>Ann\u00e9e<\/strong> : 2015<\/p>\t\t\t\t\t\t\t\t<\/div>\n\t\t\t\t<\/div>\n\t\t\t\t<div class=\"elementor-element elementor-element-c7ab06b elementor-align-center elementor-widget elementor-widget-button\" data-id=\"c7ab06b\" data-element_type=\"widget\" data-widget_type=\"button.default\">\n\t\t\t\t<div class=\"elementor-widget-container\">\n\t\t\t\t\t\t\t\t\t<div class=\"elementor-button-wrapper\">\n\t\t\t\t\t<a class=\"elementor-button elementor-button-link elementor-size-sm\" href=\"#elementor-action%3Aaction%3Dpopup%3Aopen%26settings%3DeyJpZCI6IjIwNiIsInRvZ2dsZSI6ZmFsc2V9\">\n\t\t\t\t\t\t<span class=\"elementor-button-content-wrapper\">\n\t\t\t\t\t\t\t\t\t<span class=\"elementor-button-text\">T\u00e9l\u00e9charger la fiche projet<\/span>\n\t\t\t\t\t<\/span>\n\t\t\t\t\t<\/a>\n\t\t\t\t<\/div>\n\t\t\t\t\t\t\t\t<\/div>\n\t\t\t\t<\/div>\n\t\t\t\t<\/div>\n\t\t<div class=\"elementor-element elementor-element-672295f e-con-full e-flex e-con e-child\" data-id=\"672295f\" data-element_type=\"container\">\n\t\t\t\t<div class=\"elementor-element elementor-element-27bba7c elementor-widget elementor-widget-image\" data-id=\"27bba7c\" data-element_type=\"widget\" data-widget_type=\"image.default\">\n\t\t\t\t<div class=\"elementor-widget-container\">\n\t\t\t\t\t\t\t\t\t\t\t\t\t\t\t<img decoding=\"async\" width=\"580\" height=\"304\" src=\"https:\/\/smart-ecoenergy.com\/wp-content\/uploads\/2025\/05\/Grand_stade_tanger.png\" class=\"attachment-large size-large wp-image-872\" alt=\"\" srcset=\"https:\/\/smart-ecoenergy.com\/wp-content\/uploads\/2025\/05\/Grand_stade_tanger.png 615w, https:\/\/smart-ecoenergy.com\/wp-content\/uploads\/2025\/05\/Grand_stade_tanger-300x157.png 300w\" sizes=\"(max-width: 580px) 100vw, 580px\" \/>\t\t\t\t\t\t\t\t\t\t\t\t\t\t\t<\/div>\n\t\t\t\t<\/div>\n\t\t\t\t<div class=\"elementor-element elementor-element-d626172 elementor-widget elementor-widget-heading\" data-id=\"d626172\" data-element_type=\"widget\" data-widget_type=\"heading.default\">\n\t\t\t\t<div class=\"elementor-widget-container\">\n\t\t\t\t\t<h2 class=\"elementor-heading-title elementor-size-default\">Grand Stade de Tanger<\/h2>\t\t\t\t<\/div>\n\t\t\t\t<\/div>\n\t\t\t\t<div class=\"elementor-element elementor-element-ea63743 elementor-widget elementor-widget-text-editor\" data-id=\"ea63743\" data-element_type=\"widget\" data-widget_type=\"text-editor.default\">\n\t\t\t\t<div class=\"elementor-widget-container\">\n\t\t\t\t\t\t\t\t\t<p>Le Grand Stade de Tanger est l\u2019un des plus grands stades du Royaume, con\u00e7u pour accueillir des comp\u00e9titions internationales, notamment les matchs de la CAN et de la Coupe du Monde.<\/p>\t\t\t\t\t\t\t\t<\/div>\n\t\t\t\t<\/div>\n\t\t\t\t<div class=\"elementor-element elementor-element-bb4e22e elementor-widget elementor-widget-text-editor\" data-id=\"bb4e22e\" data-element_type=\"widget\" data-widget_type=\"text-editor.default\">\n\t\t\t\t<div class=\"elementor-widget-container\">\n\t\t\t\t\t\t\t\t\t<p><strong>Client :<\/strong> Minist\u00e8re de l\u2019\u00c9quipement et des Sports<\/p><p><strong>Lieu<\/strong> : Tanger \u2013 Maroc<\/p><p><strong><span style=\"letter-spacing: 0px;\">Capacit\u00e9<\/span>\u00a0<\/strong>: 45 000 spectateurs<\/p><p><strong>Ann\u00e9e<\/strong> : 2013<\/p>\t\t\t\t\t\t\t\t<\/div>\n\t\t\t\t<\/div>\n\t\t\t\t<div class=\"elementor-element elementor-element-11de6a5 elementor-align-center elementor-widget elementor-widget-button\" data-id=\"11de6a5\" data-element_type=\"widget\" data-widget_type=\"button.default\">\n\t\t\t\t<div class=\"elementor-widget-container\">\n\t\t\t\t\t\t\t\t\t<div class=\"elementor-button-wrapper\">\n\t\t\t\t\t<a class=\"elementor-button elementor-button-link elementor-size-sm\" href=\"#elementor-action%3Aaction%3Dpopup%3Aopen%26settings%3DeyJpZCI6IjIwNiIsInRvZ2dsZSI6ZmFsc2V9\">\n\t\t\t\t\t\t<span class=\"elementor-button-content-wrapper\">\n\t\t\t\t\t\t\t\t\t<span class=\"elementor-button-text\">T\u00e9l\u00e9charger la fiche projet<\/span>\n\t\t\t\t\t<\/span>\n\t\t\t\t\t<\/a>\n\t\t\t\t<\/div>\n\t\t\t\t\t\t\t\t<\/div>\n\t\t\t\t<\/div>\n\t\t\t\t<\/div>\n\t\t<div class=\"elementor-element elementor-element-6008f71 e-con-full e-flex e-con e-child\" data-id=\"6008f71\" data-element_type=\"container\">\n\t\t\t\t<div class=\"elementor-element elementor-element-e135eef elementor-widget elementor-widget-image\" data-id=\"e135eef\" data-element_type=\"widget\" data-widget_type=\"image.default\">\n\t\t\t\t<div class=\"elementor-widget-container\">\n\t\t\t\t\t\t\t\t\t\t\t\t\t\t\t<img decoding=\"async\" width=\"580\" height=\"290\" src=\"https:\/\/smart-ecoenergy.com\/wp-content\/uploads\/2025\/05\/Port-de-Plaisance-Mdiq.jpg\" class=\"attachment-large size-large wp-image-892\" alt=\"Port de Plaisance M\u2019diq\" srcset=\"https:\/\/smart-ecoenergy.com\/wp-content\/uploads\/2025\/05\/Port-de-Plaisance-Mdiq.jpg 640w, https:\/\/smart-ecoenergy.com\/wp-content\/uploads\/2025\/05\/Port-de-Plaisance-Mdiq-300x150.jpg 300w\" sizes=\"(max-width: 580px) 100vw, 580px\" \/>\t\t\t\t\t\t\t\t\t\t\t\t\t\t\t<\/div>\n\t\t\t\t<\/div>\n\t\t\t\t<div class=\"elementor-element elementor-element-1a03093 elementor-widget elementor-widget-heading\" data-id=\"1a03093\" data-element_type=\"widget\" data-widget_type=\"heading.default\">\n\t\t\t\t<div class=\"elementor-widget-container\">\n\t\t\t\t\t<h2 class=\"elementor-heading-title elementor-size-default\">Port de Plaisance M\u2019diq<\/h2>\t\t\t\t<\/div>\n\t\t\t\t<\/div>\n\t\t\t\t<div class=\"elementor-element elementor-element-b814408 elementor-widget elementor-widget-text-editor\" data-id=\"b814408\" data-element_type=\"widget\" data-widget_type=\"text-editor.default\">\n\t\t\t\t<div class=\"elementor-widget-container\">\n\t\t\t\t\t\t\t\t\t<p>Le Port de Plaisance de M\u2019diq est un projet d\u2019envergure visant \u00e0 moderniser les infrastructures portuaires de la ville pour en faire une destination maritime touristique de r\u00e9f\u00e9rence.<\/p>\t\t\t\t\t\t\t\t<\/div>\n\t\t\t\t<\/div>\n\t\t\t\t<div class=\"elementor-element elementor-element-4cd12ea elementor-widget elementor-widget-text-editor\" data-id=\"4cd12ea\" data-element_type=\"widget\" data-widget_type=\"text-editor.default\">\n\t\t\t\t<div class=\"elementor-widget-container\">\n\t\t\t\t\t\t\t\t\t<p><strong>Client<\/strong> : Accor \u2013 Sofitel Luxury Hotels<\/p><p><strong>Lieu<\/strong> : M\u2019diq \u2013 Maroc<\/p><p><strong data-start=\"400\" data-end=\"412\">Capacit\u00e9<\/strong> : Environ 300 postes \u00e0 quai<\/p><p><strong>Ann\u00e9e<\/strong> : 2011<\/p>\t\t\t\t\t\t\t\t<\/div>\n\t\t\t\t<\/div>\n\t\t\t\t<div class=\"elementor-element elementor-element-02983f4 elementor-align-center elementor-widget elementor-widget-button\" data-id=\"02983f4\" data-element_type=\"widget\" data-widget_type=\"button.default\">\n\t\t\t\t<div class=\"elementor-widget-container\">\n\t\t\t\t\t\t\t\t\t<div class=\"elementor-button-wrapper\">\n\t\t\t\t\t<a class=\"elementor-button elementor-button-link elementor-size-sm\" href=\"#elementor-action%3Aaction%3Dpopup%3Aopen%26settings%3DeyJpZCI6IjIwNiIsInRvZ2dsZSI6ZmFsc2V9\">\n\t\t\t\t\t\t<span class=\"elementor-button-content-wrapper\">\n\t\t\t\t\t\t\t\t\t<span class=\"elementor-button-text\">T\u00e9l\u00e9charger la fiche projet<\/span>\n\t\t\t\t\t<\/span>\n\t\t\t\t\t<\/a>\n\t\t\t\t<\/div>\n\t\t\t\t\t\t\t\t<\/div>\n\t\t\t\t<\/div>\n\t\t\t\t<\/div>\n\t\t\t\t\t<\/div>\n\t\t\t\t<\/div>\n\t\t<div class=\"elementor-element elementor-element-618b6c8 elementor-hidden-desktop elementor-hidden-tablet elementor-hidden-mobile e-flex e-con-boxed e-con e-parent\" data-id=\"618b6c8\" data-element_type=\"container\">\n\t\t\t\t\t<div class=\"e-con-inner\">\n\t\t<div class=\"elementor-element elementor-element-6e36adc e-con-full e-flex e-con e-child\" data-id=\"6e36adc\" data-element_type=\"container\">\n\t\t\t\t<div class=\"elementor-element elementor-element-aec25c5 elementor-widget elementor-widget-image\" data-id=\"aec25c5\" data-element_type=\"widget\" data-widget_type=\"image.default\">\n\t\t\t\t<div class=\"elementor-widget-container\">\n\t\t\t\t\t\t\t\t\t\t\t\t\t\t\t<img loading=\"lazy\" decoding=\"async\" width=\"580\" height=\"385\" src=\"https:\/\/smart-ecoenergy.com\/wp-content\/uploads\/2025\/05\/casanearshore.jpg\" class=\"attachment-large size-large wp-image-915\" alt=\"\" srcset=\"https:\/\/smart-ecoenergy.com\/wp-content\/uploads\/2025\/05\/casanearshore.jpg 787w, https:\/\/smart-ecoenergy.com\/wp-content\/uploads\/2025\/05\/casanearshore-300x199.jpg 300w, https:\/\/smart-ecoenergy.com\/wp-content\/uploads\/2025\/05\/casanearshore-768x509.jpg 768w\" sizes=\"(max-width: 580px) 100vw, 580px\" \/>\t\t\t\t\t\t\t\t\t\t\t\t\t\t\t<\/div>\n\t\t\t\t<\/div>\n\t\t\t\t<div class=\"elementor-element elementor-element-9d009eb elementor-widget elementor-widget-heading\" data-id=\"9d009eb\" data-element_type=\"widget\" data-widget_type=\"heading.default\">\n\t\t\t\t<div class=\"elementor-widget-container\">\n\t\t\t\t\t<h2 class=\"elementor-heading-title elementor-size-default\">Casa Nearshore<\/h2>\t\t\t\t<\/div>\n\t\t\t\t<\/div>\n\t\t\t\t<div class=\"elementor-element elementor-element-d4d9cdc elementor-widget elementor-widget-text-editor\" data-id=\"d4d9cdc\" data-element_type=\"widget\" data-widget_type=\"text-editor.default\">\n\t\t\t\t<div class=\"elementor-widget-container\">\n\t\t\t\t\t\t\t\t\t<p>Casa Nearshore est un parc d\u2019activit\u00e9s d\u00e9di\u00e9 aux m\u00e9tiers de l\u2019offshoring, regroupant centres d\u2019appels, services informatiques, BPO et soci\u00e9t\u00e9s technologiques.<\/p><p>\u00a0<\/p>\t\t\t\t\t\t\t\t<\/div>\n\t\t\t\t<\/div>\n\t\t\t\t<div class=\"elementor-element elementor-element-031cfc9 elementor-widget elementor-widget-text-editor\" data-id=\"031cfc9\" data-element_type=\"widget\" data-widget_type=\"text-editor.default\">\n\t\t\t\t<div class=\"elementor-widget-container\">\n\t\t\t\t\t\t\t\t\t<p><strong>Client<\/strong> : MEDZ \u2013 Groupe CDG<\/p><p><strong>Lieu<\/strong> : Casablanca , M\u2019diq \u2013 Maroc<\/p><p><strong data-start=\"357\" data-end=\"375\">Surface <\/strong>: + 50 hectares \/ plusieurs b\u00e2timents tertiaires<\/p><p><strong>Ann\u00e9e<\/strong> : 2012<\/p>\t\t\t\t\t\t\t\t<\/div>\n\t\t\t\t<\/div>\n\t\t\t\t<div class=\"elementor-element elementor-element-944df68 elementor-align-center elementor-widget elementor-widget-button\" data-id=\"944df68\" data-element_type=\"widget\" data-widget_type=\"button.default\">\n\t\t\t\t<div class=\"elementor-widget-container\">\n\t\t\t\t\t\t\t\t\t<div class=\"elementor-button-wrapper\">\n\t\t\t\t\t<a class=\"elementor-button elementor-button-link elementor-size-sm\" href=\"#elementor-action%3Aaction%3Dpopup%3Aopen%26settings%3DeyJpZCI6IjIwNiIsInRvZ2dsZSI6ZmFsc2V9\">\n\t\t\t\t\t\t<span class=\"elementor-button-content-wrapper\">\n\t\t\t\t\t\t\t\t\t<span class=\"elementor-button-text\">T\u00e9l\u00e9charger la fiche projet<\/span>\n\t\t\t\t\t<\/span>\n\t\t\t\t\t<\/a>\n\t\t\t\t<\/div>\n\t\t\t\t\t\t\t\t<\/div>\n\t\t\t\t<\/div>\n\t\t\t\t<\/div>\n\t\t<div class=\"elementor-element elementor-element-a862b8d e-con-full e-flex e-con e-child\" data-id=\"a862b8d\" data-element_type=\"container\">\n\t\t\t\t<div class=\"elementor-element elementor-element-dd78d24 elementor-widget elementor-widget-image\" data-id=\"dd78d24\" data-element_type=\"widget\" data-widget_type=\"image.default\">\n\t\t\t\t<div class=\"elementor-widget-container\">\n\t\t\t\t\t\t\t\t\t\t\t\t\t\t\t<img loading=\"lazy\" decoding=\"async\" width=\"580\" height=\"287\" src=\"https:\/\/smart-ecoenergy.com\/wp-content\/uploads\/2025\/05\/Village-Vacances-\u2013-Saidia-Resorts.jpg\" class=\"attachment-large size-large wp-image-929\" alt=\"Village Vacances \u2013 Sa\u00efdia Resorts\" srcset=\"https:\/\/smart-ecoenergy.com\/wp-content\/uploads\/2025\/05\/Village-Vacances-\u2013-Saidia-Resorts.jpg 933w, https:\/\/smart-ecoenergy.com\/wp-content\/uploads\/2025\/05\/Village-Vacances-\u2013-Saidia-Resorts-300x148.jpg 300w, https:\/\/smart-ecoenergy.com\/wp-content\/uploads\/2025\/05\/Village-Vacances-\u2013-Saidia-Resorts-768x379.jpg 768w\" sizes=\"(max-width: 580px) 100vw, 580px\" \/>\t\t\t\t\t\t\t\t\t\t\t\t\t\t\t<\/div>\n\t\t\t\t<\/div>\n\t\t\t\t<div class=\"elementor-element elementor-element-32733a8 elementor-widget elementor-widget-heading\" data-id=\"32733a8\" data-element_type=\"widget\" data-widget_type=\"heading.default\">\n\t\t\t\t<div class=\"elementor-widget-container\">\n\t\t\t\t\t<h2 class=\"elementor-heading-title elementor-size-default\">Village Vacances \u2013 Sa\u00efdia Resorts<\/h2>\t\t\t\t<\/div>\n\t\t\t\t<\/div>\n\t\t\t\t<div class=\"elementor-element elementor-element-8730e8d elementor-widget elementor-widget-text-editor\" data-id=\"8730e8d\" data-element_type=\"widget\" data-widget_type=\"text-editor.default\">\n\t\t\t\t<div class=\"elementor-widget-container\">\n\t\t\t\t\t\t\t\t\t<p>Le Village Vacances de Sa\u00efdia s\u2019inscrit dans le programme de d\u00e9veloppement touristique national \u00ab\u00a0Plan Azur\u00a0\u00bb.<\/p><p>\u00a0<\/p><p>\u00a0<\/p><p>\u00a0<\/p>\t\t\t\t\t\t\t\t<\/div>\n\t\t\t\t<\/div>\n\t\t\t\t<div class=\"elementor-element elementor-element-191dbf5 elementor-widget elementor-widget-text-editor\" data-id=\"191dbf5\" data-element_type=\"widget\" data-widget_type=\"text-editor.default\">\n\t\t\t\t<div class=\"elementor-widget-container\">\n\t\t\t\t\t\t\t\t\t<p><strong>Client :<\/strong> Soci\u00e9t\u00e9 de D\u00e9veloppement Sa\u00efdia (SDS)<\/p><p><strong>Lieu<\/strong> : Sa\u00efdia \u2013 R\u00e9gion de l\u2019Oriental \u2013 Maroc<\/p><p><strong data-start=\"454\" data-end=\"476\">Surface <\/strong>: Environ 200 000 m\u00b2<\/p><p><strong>Ann\u00e9e<\/strong> : 2013<\/p>\t\t\t\t\t\t\t\t<\/div>\n\t\t\t\t<\/div>\n\t\t\t\t<div class=\"elementor-element elementor-element-2c7f896 elementor-align-center elementor-widget elementor-widget-button\" data-id=\"2c7f896\" data-element_type=\"widget\" data-widget_type=\"button.default\">\n\t\t\t\t<div class=\"elementor-widget-container\">\n\t\t\t\t\t\t\t\t\t<div class=\"elementor-button-wrapper\">\n\t\t\t\t\t<a class=\"elementor-button elementor-button-link elementor-size-sm\" href=\"#elementor-action%3Aaction%3Dpopup%3Aopen%26settings%3DeyJpZCI6IjIwNiIsInRvZ2dsZSI6ZmFsc2V9\">\n\t\t\t\t\t\t<span class=\"elementor-button-content-wrapper\">\n\t\t\t\t\t\t\t\t\t<span class=\"elementor-button-text\">T\u00e9l\u00e9charger la fiche projet<\/span>\n\t\t\t\t\t<\/span>\n\t\t\t\t\t<\/a>\n\t\t\t\t<\/div>\n\t\t\t\t\t\t\t\t<\/div>\n\t\t\t\t<\/div>\n\t\t\t\t<\/div>\n\t\t<div class=\"elementor-element elementor-element-36e2b80 e-con-full e-flex e-con e-child\" data-id=\"36e2b80\" data-element_type=\"container\">\n\t\t\t\t<div class=\"elementor-element elementor-element-cfa741c elementor-widget elementor-widget-image\" data-id=\"cfa741c\" data-element_type=\"widget\" data-widget_type=\"image.default\">\n\t\t\t\t<div class=\"elementor-widget-container\">\n\t\t\t\t\t\t\t\t\t\t\t\t\t\t\t<img loading=\"lazy\" decoding=\"async\" width=\"580\" height=\"290\" src=\"https:\/\/smart-ecoenergy.com\/wp-content\/uploads\/2025\/05\/Technopolis-1024x512.jpg\" class=\"attachment-large size-large wp-image-916\" alt=\"\" srcset=\"https:\/\/smart-ecoenergy.com\/wp-content\/uploads\/2025\/05\/Technopolis-1024x512.jpg 1024w, https:\/\/smart-ecoenergy.com\/wp-content\/uploads\/2025\/05\/Technopolis-300x150.jpg 300w, https:\/\/smart-ecoenergy.com\/wp-content\/uploads\/2025\/05\/Technopolis-768x384.jpg 768w, https:\/\/smart-ecoenergy.com\/wp-content\/uploads\/2025\/05\/Technopolis-1536x768.jpg 1536w, https:\/\/smart-ecoenergy.com\/wp-content\/uploads\/2025\/05\/Technopolis-1200x600.jpg 1200w, https:\/\/smart-ecoenergy.com\/wp-content\/uploads\/2025\/05\/Technopolis.jpg 1600w\" sizes=\"(max-width: 580px) 100vw, 580px\" \/>\t\t\t\t\t\t\t\t\t\t\t\t\t\t\t<\/div>\n\t\t\t\t<\/div>\n\t\t\t\t<div class=\"elementor-element elementor-element-6b9dbd2 elementor-widget elementor-widget-heading\" data-id=\"6b9dbd2\" data-element_type=\"widget\" data-widget_type=\"heading.default\">\n\t\t\t\t<div class=\"elementor-widget-container\">\n\t\t\t\t\t<h2 class=\"elementor-heading-title elementor-size-default\">Technopolis \u2013 Rabat Shore<\/h2>\t\t\t\t<\/div>\n\t\t\t\t<\/div>\n\t\t\t\t<div class=\"elementor-element elementor-element-5e0aedf elementor-widget elementor-widget-text-editor\" data-id=\"5e0aedf\" data-element_type=\"widget\" data-widget_type=\"text-editor.default\">\n\t\t\t\t<div class=\"elementor-widget-container\">\n\t\t\t\t\t\t\t\t\t<p>Technopolis est une technopole de nouvelle g\u00e9n\u00e9ration, destin\u00e9e \u00e0 accueillir des entreprises innovantes dans les domaines des TIC, des biotechnologies, de l&rsquo;ing\u00e9nierie et de la recherche.<\/p>\t\t\t\t\t\t\t\t<\/div>\n\t\t\t\t<\/div>\n\t\t\t\t<div class=\"elementor-element elementor-element-e644afa elementor-widget elementor-widget-text-editor\" data-id=\"e644afa\" data-element_type=\"widget\" data-widget_type=\"text-editor.default\">\n\t\t\t\t<div class=\"elementor-widget-container\">\n\t\t\t\t\t\t\t\t\t<p><strong>Client<\/strong> : MEDZ \u2013 Groupe CDG<\/p><p><strong>Lieu<\/strong> : Rabat \u2013 Sala Al Jadida \u2013 Maroc<\/p><p><strong>Surface :<\/strong> + 300 000 m\u00b2 d\u00e9velopp\u00e9s (plusieurs tranches)<\/p><p><strong>Ann\u00e9e<\/strong> : 2010<\/p>\t\t\t\t\t\t\t\t<\/div>\n\t\t\t\t<\/div>\n\t\t\t\t<div class=\"elementor-element elementor-element-978afe5 elementor-align-center elementor-widget elementor-widget-button\" data-id=\"978afe5\" data-element_type=\"widget\" data-widget_type=\"button.default\">\n\t\t\t\t<div class=\"elementor-widget-container\">\n\t\t\t\t\t\t\t\t\t<div class=\"elementor-button-wrapper\">\n\t\t\t\t\t<a class=\"elementor-button elementor-button-link elementor-size-sm\" href=\"#elementor-action%3Aaction%3Dpopup%3Aopen%26settings%3DeyJpZCI6IjIwNiIsInRvZ2dsZSI6ZmFsc2V9\">\n\t\t\t\t\t\t<span class=\"elementor-button-content-wrapper\">\n\t\t\t\t\t\t\t\t\t<span class=\"elementor-button-text\">T\u00e9l\u00e9charger la fiche projet<\/span>\n\t\t\t\t\t<\/span>\n\t\t\t\t\t<\/a>\n\t\t\t\t<\/div>\n\t\t\t\t\t\t\t\t<\/div>\n\t\t\t\t<\/div>\n\t\t\t\t<\/div>\n\t\t\t\t\t<\/div>\n\t\t\t\t<\/div>\n\t\t\t\t<\/div>\n\t\t","protected":false},"excerpt":{"rendered":"<p>Nos R\u00e9alisations D\u00e9couvrez nos projets r\u00e9alis\u00e9s en domotique, courant fort, courant faible et BIM. Sofitel Tamuda Bay Situ\u00e9 au bord de la M\u00e9diterran\u00e9e, le Sofitel Tamuda Bay Beach &amp; Spa incarne l\u2019\u00e9l\u00e9gance \u00e0 la fran\u00e7aise dans un cadre marocain contemporain. Client : Accor \u2013 Sofitel Luxury Hotels Lieu : Tamuda Bay, M\u2019diq \u2013 Maroc Surface [&hellip;]<\/p>\n","protected":false},"author":1,"featured_media":0,"parent":0,"menu_order":0,"comment_status":"closed","ping_status":"closed","template":"","meta":{"footnotes":""},"class_list":["post-185","page","type-page","status-publish","hentry"],"_links":{"self":[{"href":"https:\/\/smart-ecoenergy.com\/index.php\/wp-json\/wp\/v2\/pages\/185","targetHints":{"allow":["GET"]}}],"collection":[{"href":"https:\/\/smart-ecoenergy.com\/index.php\/wp-json\/wp\/v2\/pages"}],"about":[{"href":"https:\/\/smart-ecoenergy.com\/index.php\/wp-json\/wp\/v2\/types\/page"}],"author":[{"embeddable":true,"href":"https:\/\/smart-ecoenergy.com\/index.php\/wp-json\/wp\/v2\/users\/1"}],"replies":[{"embeddable":true,"href":"https:\/\/smart-ecoenergy.com\/index.php\/wp-json\/wp\/v2\/comments?post=185"}],"version-history":[{"count":185,"href":"https:\/\/smart-ecoenergy.com\/index.php\/wp-json\/wp\/v2\/pages\/185\/revisions"}],"predecessor-version":[{"id":1482,"href":"https:\/\/smart-ecoenergy.com\/index.php\/wp-json\/wp\/v2\/pages\/185\/revisions\/1482"}],"wp:attachment":[{"href":"https:\/\/smart-ecoenergy.com\/index.php\/wp-json\/wp\/v2\/media?parent=185"}],"curies":[{"name":"wp","href":"https:\/\/api.w.org\/{rel}","templated":true}]}}